{"id":279,"date":"2024-07-11T20:30:23","date_gmt":"2024-07-11T20:30:23","guid":{"rendered":"https:\/\/manfiser.com\/?page_id=279"},"modified":"2025-05-12T23:39:27","modified_gmt":"2025-05-12T23:39:27","slug":"tax-services","status":"publish","type":"page","link":"https:\/\/manfiser.com\/es\/tax-services\/","title":{"rendered":"Servicios de Impuestos"},"content":{"rendered":"<div data-elementor-type=\"wp-page\" data-elementor-id=\"279\" class=\"elementor elementor-279\" data-elementor-post-type=\"page\">\n\t\t\t\t<div class=\"elementor-element elementor-element-3b6e088f e-flex e-con-boxed e-con e-parent\" data-id=\"3b6e088f\" data-element_type=\"container\" data-e-type=\"container\" data-settings=\"{&quot;background_background&quot;:&quot;classic&quot;,&quot;jet_parallax_layout_list&quot;:[]}\">\n\t\t\t\t\t<div class=\"e-con-inner\">\n\t\t<div class=\"elementor-element elementor-element-54333f0 e-con-full e-flex e-con e-child\" data-id=\"54333f0\" data-element_type=\"container\" data-e-type=\"container\" data-settings=\"{&quot;jet_parallax_layout_list&quot;:[]}\">\n\t\t<div class=\"elementor-element elementor-element-6ac61f3 e-con-full e-flex e-con e-child\" data-id=\"6ac61f3\" data-element_type=\"container\" data-e-type=\"container\" data-settings=\"{&quot;jet_parallax_layout_list&quot;:[]}\">\n\t\t\t\t<div class=\"elementor-element elementor-element-694a2051 elementor-widget elementor-widget-heading\" data-id=\"694a2051\" data-element_type=\"widget\" data-e-type=\"widget\" data-widget_type=\"heading.default\">\n\t\t\t\t<div class=\"elementor-widget-container\">\n\t\t\t\t\t<h2 class=\"elementor-heading-title elementor-size-default\">Servicios de Impuestos\n<\/h2>\t\t\t\t<\/div>\n\t\t\t\t<\/div>\n\t\t\t\t<div class=\"elementor-element elementor-element-7e39d155 elementor-widget elementor-widget-heading\" data-id=\"7e39d155\" data-element_type=\"widget\" data-e-type=\"widget\" data-widget_type=\"heading.default\">\n\t\t\t\t<div class=\"elementor-widget-container\">\n\t\t\t\t\t<p class=\"elementor-heading-title elementor-size-default\">manfiser.com<\/p>\t\t\t\t<\/div>\n\t\t\t\t<\/div>\n\t\t\t\t<\/div>\n\t\t\t\t<\/div>\n\t\t\t\t\t<\/div>\n\t\t\t\t<\/div>\n\t\t<div class=\"elementor-element elementor-element-73e72dd5 e-flex e-con-boxed elementor-invisible e-con e-parent\" data-id=\"73e72dd5\" data-element_type=\"container\" data-e-type=\"container\" data-settings=\"{&quot;jet_parallax_layout_list&quot;:[],&quot;animation&quot;:&quot;fadeInUp&quot;,&quot;background_background&quot;:&quot;classic&quot;}\">\n\t\t\t\t\t<div class=\"e-con-inner\">\n\t\t\t\t<div class=\"elementor-element elementor-element-a285390 elementor-widget elementor-widget-text-editor\" data-id=\"a285390\" data-element_type=\"widget\" data-e-type=\"widget\" data-widget_type=\"text-editor.default\">\n\t\t\t\t<div class=\"elementor-widget-container\">\n\t\t\t\t\t\t\t\t\t<p>Navegar el cambiante panorama de las regulaciones tributarias puede ser una tarea desafiante, pero con MANFISER INC. cuentas con un aliado comprometido en dise\u00f1ar soluciones tributarias estrat\u00e9gicas. Nuestros expertos analizan a fondo tu situaci\u00f3n financiera, identificando oportunidades para optimizar y cumplir con tus obligaciones. Ya sea que enfrentes desaf\u00edos fiscales complejos o busques una planificaci\u00f3n tributaria proactiva, adaptamos nuestros servicios a tus necesidades espec\u00edficas. Conf\u00eda en nosotros para guiarte en el mundo tributario, maximizando beneficios y asegurando el cumplimiento normativo.<\/p><p>Desde el c\u00e1lculo de sueldos y deducciones hasta la gesti\u00f3n de retenciones tributarias, optimizamos todo el proceso de planilla, permiti\u00e9ndote fomentar un ambiente laboral positivo mientras nosotros nos encargamos de los detalles.<\/p><div class=\"row\"><div class=\"col-4 col-12-medium\">\u00a0<\/div><\/div>\t\t\t\t\t\t\t\t<\/div>\n\t\t\t\t<\/div>\n\t\t\t\t<div class=\"elementor-element elementor-element-1cafdc4c elementor-widget-divider--view-line elementor-widget elementor-widget-divider\" data-id=\"1cafdc4c\" data-element_type=\"widget\" data-e-type=\"widget\" data-widget_type=\"divider.default\">\n\t\t\t\t<div class=\"elementor-widget-container\">\n\t\t\t\t\t\t\t<div class=\"elementor-divider\">\n\t\t\t<span class=\"elementor-divider-separator\">\n\t\t\t\t\t\t<\/span>\n\t\t<\/div>\n\t\t\t\t\t\t<\/div>\n\t\t\t\t<\/div>\n\t\t\t\t<div class=\"elementor-element elementor-element-6bb2b41d elementor-widget elementor-widget-heading\" data-id=\"6bb2b41d\" data-element_type=\"widget\" data-e-type=\"widget\" data-widget_type=\"heading.default\">\n\t\t\t\t<div class=\"elementor-widget-container\">\n\t\t\t\t\t<h2 class=\"elementor-heading-title elementor-size-default\">Servicios de Impuestos<\/h2>\t\t\t\t<\/div>\n\t\t\t\t<\/div>\n\t\t\t\t<div class=\"elementor-element elementor-element-983cb4f elementor-widget elementor-widget-jet-table\" data-id=\"983cb4f\" data-element_type=\"widget\" data-e-type=\"widget\" data-widget_type=\"jet-table.default\">\n\t\t\t\t<div class=\"elementor-widget-container\">\n\t\t\t\t\t<div class=\"elementor-jet-table jet-elements\">\n\t\t<div class=\"jet-table-wrapper jet-table-responsive-tablet jet-table-responsive-mobile\">\n\t\t\t<table class=\"jet-table jet-table--fa5-compat\">\n\t\t\t\t<thead class=\"jet-table__head\"><tr class=\"jet-table__head-row\"><th class=\"jet-table__cell elementor-repeater-item-9587b66 jet-table__head-cell\" scope=\"col\"><div class=\"jet-table__cell-inner\"><div class=\"jet-table__cell-content\"><div class=\"jet-table__cell-text\">Preparaci\u00f3n de Impuestos para Empresas<\/div><\/div><\/div><\/th><th class=\"jet-table__cell elementor-repeater-item-4fefd57 jet-table__head-cell\" scope=\"col\"><div class=\"jet-table__cell-inner\"><div class=\"jet-table__cell-content\"><div class=\"jet-table__cell-text\">Tributaci\u00f3n Empresarial Esencial<\/div><\/div><\/div><\/th><th class=\"jet-table__cell elementor-repeater-item-6bd1f26 jet-table__head-cell\" scope=\"col\"><div class=\"jet-table__cell-inner\"><div class=\"jet-table__cell-content\"><div class=\"jet-table__cell-text\">Tributaci\u00f3n Empresarial en Crecimiento<\/div><\/div><\/div><\/th><th class=\"jet-table__cell elementor-repeater-item-acf9eaf jet-table__head-cell\" scope=\"col\"><div class=\"jet-table__cell-inner\"><div class=\"jet-table__cell-content\"><div class=\"jet-table__cell-text\">Tributaci\u00f3n Empresarial Avanzada<\/div><\/div><\/div><\/th><\/tr><\/thead>\n\t\t\t\t\t\t\t\t<tfoot class=\"jet-table__foot\"><tr class=\"jet-table__foot-row\"><th class=\"jet-table__cell elementor-repeater-item-65c85fd jet-table__foot-cell\" scope=\"col\"><div class=\"jet-table__cell-inner\"><div class=\"jet-table__cell-content\"><\/div><\/div><\/th><th class=\"jet-table__cell elementor-repeater-item-90219ab jet-table__foot-cell\" scope=\"col\"><div class=\"jet-table__cell-inner\"><div class=\"jet-table__cell-content\"><\/div><\/div><\/th><th class=\"jet-table__cell elementor-repeater-item-2d2f2f6 jet-table__foot-cell\" scope=\"col\"><div class=\"jet-table__cell-inner\"><div class=\"jet-table__cell-content\"><\/div><\/div><\/th><th class=\"jet-table__cell elementor-repeater-item-e4bf6d9 jet-table__foot-cell\" scope=\"col\"><div class=\"jet-table__cell-inner\"><div class=\"jet-table__cell-content\"><\/div><\/div><\/th><\/tr><\/tfoot>\n\t\t\t\t\t\t\t\t<tbody class=\"jet-table__body jet-table__body_no-border-radius\"><tr class=\"jet-table__body-row elementor-repeater-item-7e5017b\"><td class=\"jet-table__cell elementor-repeater-item-3f72a38 jet-table__body-cell\"><div class=\"jet-table__cell-inner\"><div class=\"jet-table__cell-content\"><div class=\"jet-table__cell-text\">Empresa unipersonal (Formulario 1040 Anexo C)<\/div><\/div><\/div><\/td><td class=\"jet-table__cell elementor-repeater-item-541cb89 jet-table__body-cell\"><div class=\"jet-table__cell-inner\"><div class=\"jet-table__cell-content\"><span class=\"jet-elements-icon jet-table__cell-icon jet-table__cell-icon--before\"><svg aria-hidden=\"true\" class=\"e-font-icon-svg e-fas-check\" viewbox=\"0 0 512 512\" xmlns=\"http:\/\/www.w3.org\/2000\/svg\"><path d=\"M173.898 439.404l-166.4-166.4c-9.997-9.997-9.997-26.206 0-36.204l36.203-36.204c9.997-9.998 26.207-9.998 36.204 0L192 312.69 432.095 72.596c9.997-9.997 26.207-9.997 36.204 0l36.203 36.204c9.997 9.997 9.997 26.206 0 36.204l-294.4 294.401c-9.998 9.997-26.207 9.997-36.204-.001z\"><\/path><\/svg><\/span><\/div><\/div><\/td><td class=\"jet-table__cell elementor-repeater-item-2ff78e1 jet-table__body-cell\"><div class=\"jet-table__cell-inner\"><div class=\"jet-table__cell-content\"><span class=\"jet-elements-icon jet-table__cell-icon jet-table__cell-icon--before\"><svg aria-hidden=\"true\" class=\"e-font-icon-svg e-fas-check\" viewbox=\"0 0 512 512\" xmlns=\"http:\/\/www.w3.org\/2000\/svg\"><path d=\"M173.898 439.404l-166.4-166.4c-9.997-9.997-9.997-26.206 0-36.204l36.203-36.204c9.997-9.998 26.207-9.998 36.204 0L192 312.69 432.095 72.596c9.997-9.997 26.207-9.997 36.204 0l36.203 36.204c9.997 9.997 9.997 26.206 0 36.204l-294.4 294.401c-9.998 9.997-26.207 9.997-36.204-.001z\"><\/path><\/svg><\/span><\/div><\/div><\/td><td class=\"jet-table__cell elementor-repeater-item-76610ee jet-table__body-cell\"><div class=\"jet-table__cell-inner\"><div class=\"jet-table__cell-content\"><span class=\"jet-elements-icon jet-table__cell-icon jet-table__cell-icon--before\"><svg aria-hidden=\"true\" class=\"e-font-icon-svg e-fas-check\" viewbox=\"0 0 512 512\" xmlns=\"http:\/\/www.w3.org\/2000\/svg\"><path d=\"M173.898 439.404l-166.4-166.4c-9.997-9.997-9.997-26.206 0-36.204l36.203-36.204c9.997-9.998 26.207-9.998 36.204 0L192 312.69 432.095 72.596c9.997-9.997 26.207-9.997 36.204 0l36.203 36.204c9.997 9.997 9.997 26.206 0 36.204l-294.4 294.401c-9.998 9.997-26.207 9.997-36.204-.001z\"><\/path><\/svg><\/span><\/div><\/div><\/td><\/tr><tr class=\"jet-table__body-row elementor-repeater-item-b905f67\"><td class=\"jet-table__cell elementor-repeater-item-13915ec jet-table__body-cell\"><div class=\"jet-table__cell-inner\"><div class=\"jet-table__cell-content\"><div class=\"jet-table__cell-text\">Corporaci\u00f3n tipo S (Formulario 1120S)<\/div><\/div><\/div><\/td><td class=\"jet-table__cell elementor-repeater-item-191bdb6 jet-table__body-cell\"><div class=\"jet-table__cell-inner\"><div class=\"jet-table__cell-content\"><span class=\"jet-elements-icon jet-table__cell-icon jet-table__cell-icon--before\"><svg aria-hidden=\"true\" class=\"e-font-icon-svg e-fas-check\" viewbox=\"0 0 512 512\" xmlns=\"http:\/\/www.w3.org\/2000\/svg\"><path d=\"M173.898 439.404l-166.4-166.4c-9.997-9.997-9.997-26.206 0-36.204l36.203-36.204c9.997-9.998 26.207-9.998 36.204 0L192 312.69 432.095 72.596c9.997-9.997 26.207-9.997 36.204 0l36.203 36.204c9.997 9.997 9.997 26.206 0 36.204l-294.4 294.401c-9.998 9.997-26.207 9.997-36.204-.001z\"><\/path><\/svg><\/span><\/div><\/div><\/td><td class=\"jet-table__cell elementor-repeater-item-5190b2f jet-table__body-cell\"><div class=\"jet-table__cell-inner\"><div class=\"jet-table__cell-content\"><span class=\"jet-elements-icon jet-table__cell-icon jet-table__cell-icon--before\"><svg aria-hidden=\"true\" class=\"e-font-icon-svg e-fas-check\" viewbox=\"0 0 512 512\" xmlns=\"http:\/\/www.w3.org\/2000\/svg\"><path d=\"M173.898 439.404l-166.4-166.4c-9.997-9.997-9.997-26.206 0-36.204l36.203-36.204c9.997-9.998 26.207-9.998 36.204 0L192 312.69 432.095 72.596c9.997-9.997 26.207-9.997 36.204 0l36.203 36.204c9.997 9.997 9.997 26.206 0 36.204l-294.4 294.401c-9.998 9.997-26.207 9.997-36.204-.001z\"><\/path><\/svg><\/span><\/div><\/div><\/td><td class=\"jet-table__cell elementor-repeater-item-49b15f9 jet-table__body-cell\"><div class=\"jet-table__cell-inner\"><div class=\"jet-table__cell-content\"><span class=\"jet-elements-icon jet-table__cell-icon jet-table__cell-icon--before\"><svg aria-hidden=\"true\" class=\"e-font-icon-svg e-fas-check\" viewbox=\"0 0 512 512\" xmlns=\"http:\/\/www.w3.org\/2000\/svg\"><path d=\"M173.898 439.404l-166.4-166.4c-9.997-9.997-9.997-26.206 0-36.204l36.203-36.204c9.997-9.998 26.207-9.998 36.204 0L192 312.69 432.095 72.596c9.997-9.997 26.207-9.997 36.204 0l36.203 36.204c9.997 9.997 9.997 26.206 0 36.204l-294.4 294.401c-9.998 9.997-26.207 9.997-36.204-.001z\"><\/path><\/svg><\/span><\/div><\/div><\/td><\/tr><tr class=\"jet-table__body-row elementor-repeater-item-c63224d\"><td class=\"jet-table__cell elementor-repeater-item-a2e6bdf jet-table__body-cell\"><div class=\"jet-table__cell-inner\"><div class=\"jet-table__cell-content\"><div class=\"jet-table__cell-text\">Sociedad de responsabilidad limitada (LLC)<\/div><\/div><\/div><\/td><td class=\"jet-table__cell elementor-repeater-item-0cd6890 jet-table__body-cell\"><div class=\"jet-table__cell-inner\"><div class=\"jet-table__cell-content\"><\/div><\/div><\/td><td class=\"jet-table__cell elementor-repeater-item-7ba8536 jet-table__body-cell\"><div class=\"jet-table__cell-inner\"><div class=\"jet-table__cell-content\"><span class=\"jet-elements-icon jet-table__cell-icon jet-table__cell-icon--before\"><svg aria-hidden=\"true\" class=\"e-font-icon-svg e-fas-check\" viewbox=\"0 0 512 512\" xmlns=\"http:\/\/www.w3.org\/2000\/svg\"><path d=\"M173.898 439.404l-166.4-166.4c-9.997-9.997-9.997-26.206 0-36.204l36.203-36.204c9.997-9.998 26.207-9.998 36.204 0L192 312.69 432.095 72.596c9.997-9.997 26.207-9.997 36.204 0l36.203 36.204c9.997 9.997 9.997 26.206 0 36.204l-294.4 294.401c-9.998 9.997-26.207 9.997-36.204-.001z\"><\/path><\/svg><\/span><\/div><\/div><\/td><td class=\"jet-table__cell elementor-repeater-item-712b679 jet-table__body-cell\"><div class=\"jet-table__cell-inner\"><div class=\"jet-table__cell-content\"><span class=\"jet-elements-icon jet-table__cell-icon jet-table__cell-icon--before\"><svg aria-hidden=\"true\" class=\"e-font-icon-svg e-fas-check\" viewbox=\"0 0 512 512\" xmlns=\"http:\/\/www.w3.org\/2000\/svg\"><path d=\"M173.898 439.404l-166.4-166.4c-9.997-9.997-9.997-26.206 0-36.204l36.203-36.204c9.997-9.998 26.207-9.998 36.204 0L192 312.69 432.095 72.596c9.997-9.997 26.207-9.997 36.204 0l36.203 36.204c9.997 9.997 9.997 26.206 0 36.204l-294.4 294.401c-9.998 9.997-26.207 9.997-36.204-.001z\"><\/path><\/svg><\/span><\/div><\/div><\/td><\/tr><tr class=\"jet-table__body-row elementor-repeater-item-441d138\"><td class=\"jet-table__cell elementor-repeater-item-0081052 jet-table__body-cell\"><div class=\"jet-table__cell-inner\"><div class=\"jet-table__cell-content\"><div class=\"jet-table__cell-text\">Sociedad (Formulario 1065)<\/div><\/div><\/div><\/td><td class=\"jet-table__cell elementor-repeater-item-b1ce15e jet-table__body-cell\"><div class=\"jet-table__cell-inner\"><div class=\"jet-table__cell-content\"><\/div><\/div><\/td><td class=\"jet-table__cell elementor-repeater-item-fce48c9 jet-table__body-cell\"><div class=\"jet-table__cell-inner\"><div class=\"jet-table__cell-content\"><\/div><\/div><\/td><td class=\"jet-table__cell elementor-repeater-item-f7397d7 jet-table__body-cell\"><div class=\"jet-table__cell-inner\"><div class=\"jet-table__cell-content\"><span class=\"jet-elements-icon jet-table__cell-icon jet-table__cell-icon--before\"><svg aria-hidden=\"true\" class=\"e-font-icon-svg e-fas-check\" viewbox=\"0 0 512 512\" xmlns=\"http:\/\/www.w3.org\/2000\/svg\"><path d=\"M173.898 439.404l-166.4-166.4c-9.997-9.997-9.997-26.206 0-36.204l36.203-36.204c9.997-9.998 26.207-9.998 36.204 0L192 312.69 432.095 72.596c9.997-9.997 26.207-9.997 36.204 0l36.203 36.204c9.997 9.997 9.997 26.206 0 36.204l-294.4 294.401c-9.998 9.997-26.207 9.997-36.204-.001z\"><\/path><\/svg><\/span><\/div><\/div><\/td><\/tr><tr class=\"jet-table__body-row elementor-repeater-item-759b52f\"><td class=\"jet-table__cell elementor-repeater-item-67c511c jet-table__body-cell\"><div class=\"jet-table__cell-inner\"><div class=\"jet-table__cell-content\"><div class=\"jet-table__cell-text\">Corporaci\u00f3n (Formulario 1120)<\/div><\/div><\/div><\/td><td class=\"jet-table__cell elementor-repeater-item-9f4baf6 jet-table__body-cell\"><div class=\"jet-table__cell-inner\"><div class=\"jet-table__cell-content\"><\/div><\/div><\/td><td class=\"jet-table__cell elementor-repeater-item-5652223 jet-table__body-cell\"><div class=\"jet-table__cell-inner\"><div class=\"jet-table__cell-content\"><\/div><\/div><\/td><td class=\"jet-table__cell elementor-repeater-item-78d7238 jet-table__body-cell\"><div class=\"jet-table__cell-inner\"><div class=\"jet-table__cell-content\"><span class=\"jet-elements-icon jet-table__cell-icon jet-table__cell-icon--before\"><svg aria-hidden=\"true\" class=\"e-font-icon-svg e-fas-check\" viewbox=\"0 0 512 512\" xmlns=\"http:\/\/www.w3.org\/2000\/svg\"><path d=\"M173.898 439.404l-166.4-166.4c-9.997-9.997-9.997-26.206 0-36.204l36.203-36.204c9.997-9.998 26.207-9.998 36.204 0L192 312.69 432.095 72.596c9.997-9.997 26.207-9.997 36.204 0l36.203 36.204c9.997 9.997 9.997 26.206 0 36.204l-294.4 294.401c-9.998 9.997-26.207 9.997-36.204-.001z\"><\/path><\/svg><\/span><\/div><\/div><\/td><\/tr><tr class=\"jet-table__body-row elementor-repeater-item-fb39f1d\"><\/tr><\/tbody>\n\t\t\t<\/table>\n\t\t<\/div>\n\n\t\t<\/div>\t\t\t\t<\/div>\n\t\t\t\t<\/div>\n\t\t\t\t<div class=\"elementor-element elementor-element-c91e3a2 elementor-hidden-desktop elementor-hidden-tablet elementor-widget elementor-widget-text-editor\" data-id=\"c91e3a2\" data-element_type=\"widget\" data-e-type=\"widget\" data-widget_type=\"text-editor.default\">\n\t\t\t\t<div class=\"elementor-widget-container\">\n\t\t\t\t\t\t\t\t\t<p>Desliza a los lados para poder visualizar todos los beneficios de cada plan<\/p>\t\t\t\t\t\t\t\t<\/div>\n\t\t\t\t<\/div>\n\t\t\t\t\t<\/div>\n\t\t\t\t<\/div>\n\t\t<div class=\"elementor-element elementor-element-3da8f192 e-flex e-con-boxed elementor-invisible e-con e-parent\" data-id=\"3da8f192\" data-element_type=\"container\" data-e-type=\"container\" data-settings=\"{&quot;background_background&quot;:&quot;classic&quot;,&quot;jet_parallax_layout_list&quot;:[],&quot;animation&quot;:&quot;fadeInRight&quot;}\">\n\t\t\t\t\t<div class=\"e-con-inner\">\n\t\t\t\t<div class=\"elementor-element elementor-element-6a2fa3a4 elementor-widget elementor-widget-heading\" data-id=\"6a2fa3a4\" data-element_type=\"widget\" data-e-type=\"widget\" data-widget_type=\"heading.default\">\n\t\t\t\t<div class=\"elementor-widget-container\">\n\t\t\t\t\t<h3 class=\"elementor-heading-title elementor-size-default\">Cont\u00e1ctanos<\/h3>\t\t\t\t<\/div>\n\t\t\t\t<\/div>\n\t\t\t\t<div class=\"elementor-element elementor-element-70f5946d elementor-align-center elementor-widget elementor-widget-button\" data-id=\"70f5946d\" data-element_type=\"widget\" data-e-type=\"widget\" data-widget_type=\"button.default\">\n\t\t\t\t<div class=\"elementor-widget-container\">\n\t\t\t\t\t\t\t\t\t<div class=\"elementor-button-wrapper\">\n\t\t\t\t\t<a class=\"elementor-button elementor-button-link elementor-size-sm\" href=\"#\">\n\t\t\t\t\t\t<span class=\"elementor-button-content-wrapper\">\n\t\t\t\t\t\t\t\t\t<span class=\"elementor-button-text\">Mayor informaci\u00f3n<\/span>\n\t\t\t\t\t<\/span>\n\t\t\t\t\t<\/a>\n\t\t\t\t<\/div>\n\t\t\t\t\t\t\t\t<\/div>\n\t\t\t\t<\/div>\n\t\t\t\t\t<\/div>\n\t\t\t\t<\/div>\n\t\t\t\t<\/div>","protected":false},"excerpt":{"rendered":"<p>Tax Services manfiser.com Navigating the ever-changing landscape of tax regulations can be a daunting task, but with MANFISER INC. you have a partner committed to crafting strategic tax solutions. Our experts delve deep into your financial situation, identifying opportunities for optimization and compliance. Whether you&#8217;re facing complex tax challenges or seeking proactive tax planning, we [&hellip;]<\/p>\n","protected":false},"author":1,"featured_media":0,"parent":0,"menu_order":0,"comment_status":"closed","ping_status":"closed","template":"elementor_header_footer","meta":{"footnotes":""},"class_list":["post-279","page","type-page","status-publish","hentry"],"yoast_head":"<!-- This site is optimized with the Yoast SEO plugin v27.3 - https:\/\/yoast.com\/product\/yoast-seo-wordpress\/ -->\n<title>Tax Services - Manfiser.com<\/title>\n<meta name=\"robots\" content=\"index, follow, max-snippet:-1, max-image-preview:large, max-video-preview:-1\" \/>\n<link rel=\"canonical\" href=\"https:\/\/manfiser.com\/es\/tax-services\/\" \/>\n<meta property=\"og:locale\" content=\"es_ES\" \/>\n<meta property=\"og:type\" content=\"article\" \/>\n<meta property=\"og:title\" content=\"Tax Services - Manfiser.com\" \/>\n<meta property=\"og:description\" content=\"Tax Services manfiser.com Navigating the ever-changing landscape of tax regulations can be a daunting task, but with MANFISER INC. you have a partner committed to crafting strategic tax solutions. Our experts delve deep into your financial situation, identifying opportunities for optimization and compliance. Whether you&#8217;re facing complex tax challenges or seeking proactive tax planning, we [&hellip;]\" \/>\n<meta property=\"og:url\" content=\"https:\/\/manfiser.com\/es\/tax-services\/\" \/>\n<meta property=\"og:site_name\" content=\"Manfiser.com\" \/>\n<meta property=\"article:modified_time\" content=\"2025-05-12T23:39:27+00:00\" \/>\n<meta name=\"twitter:card\" content=\"summary_large_image\" \/>\n<meta name=\"twitter:label1\" content=\"Est. reading time\" \/>\n\t<meta name=\"twitter:data1\" content=\"1 minuto\" \/>\n<script type=\"application\/ld+json\" class=\"yoast-schema-graph\">{\"@context\":\"https:\\\/\\\/schema.org\",\"@graph\":[{\"@type\":\"WebPage\",\"@id\":\"https:\\\/\\\/manfiser.com\\\/tax-services\\\/\",\"url\":\"https:\\\/\\\/manfiser.com\\\/tax-services\\\/\",\"name\":\"Tax Services - Manfiser.com\",\"isPartOf\":{\"@id\":\"https:\\\/\\\/manfiser.com\\\/#website\"},\"datePublished\":\"2024-07-11T20:30:23+00:00\",\"dateModified\":\"2025-05-12T23:39:27+00:00\",\"breadcrumb\":{\"@id\":\"https:\\\/\\\/manfiser.com\\\/tax-services\\\/#breadcrumb\"},\"inLanguage\":\"es-PE\",\"potentialAction\":[{\"@type\":\"ReadAction\",\"target\":[\"https:\\\/\\\/manfiser.com\\\/tax-services\\\/\"]}]},{\"@type\":\"BreadcrumbList\",\"@id\":\"https:\\\/\\\/manfiser.com\\\/tax-services\\\/#breadcrumb\",\"itemListElement\":[{\"@type\":\"ListItem\",\"position\":1,\"name\":\"Portada\",\"item\":\"https:\\\/\\\/manfiser.com\\\/\"},{\"@type\":\"ListItem\",\"position\":2,\"name\":\"Tax Services\"}]},{\"@type\":\"WebSite\",\"@id\":\"https:\\\/\\\/manfiser.com\\\/#website\",\"url\":\"https:\\\/\\\/manfiser.com\\\/\",\"name\":\"Manfiser.com\",\"description\":\"Welcome to MANFISER INC. \u2013 Your Trusted Partners in Financial Success!\",\"publisher\":{\"@id\":\"https:\\\/\\\/manfiser.com\\\/#organization\"},\"potentialAction\":[{\"@type\":\"SearchAction\",\"target\":{\"@type\":\"EntryPoint\",\"urlTemplate\":\"https:\\\/\\\/manfiser.com\\\/?s={search_term_string}\"},\"query-input\":{\"@type\":\"PropertyValueSpecification\",\"valueRequired\":true,\"valueName\":\"search_term_string\"}}],\"inLanguage\":\"es-PE\"},{\"@type\":\"Organization\",\"@id\":\"https:\\\/\\\/manfiser.com\\\/#organization\",\"name\":\"Manfiser.com\",\"url\":\"https:\\\/\\\/manfiser.com\\\/\",\"logo\":{\"@type\":\"ImageObject\",\"inLanguage\":\"es-PE\",\"@id\":\"https:\\\/\\\/manfiser.com\\\/#\\\/schema\\\/logo\\\/image\\\/\",\"url\":\"https:\\\/\\\/manfiser.com\\\/wp-content\\\/uploads\\\/2024\\\/04\\\/Logo-principal.png\",\"contentUrl\":\"https:\\\/\\\/manfiser.com\\\/wp-content\\\/uploads\\\/2024\\\/04\\\/Logo-principal.png\",\"width\":350,\"height\":100,\"caption\":\"Manfiser.com\"},\"image\":{\"@id\":\"https:\\\/\\\/manfiser.com\\\/#\\\/schema\\\/logo\\\/image\\\/\"}}]}<\/script>\n<!-- \/ Yoast SEO plugin. -->","yoast_head_json":{"title":"Tax Services - Manfiser.com","robots":{"index":"index","follow":"follow","max-snippet":"max-snippet:-1","max-image-preview":"max-image-preview:large","max-video-preview":"max-video-preview:-1"},"canonical":"https:\/\/manfiser.com\/es\/tax-services\/","og_locale":"es_ES","og_type":"article","og_title":"Tax Services - Manfiser.com","og_description":"Tax Services manfiser.com Navigating the ever-changing landscape of tax regulations can be a daunting task, but with MANFISER INC. you have a partner committed to crafting strategic tax solutions. Our experts delve deep into your financial situation, identifying opportunities for optimization and compliance. Whether you&#8217;re facing complex tax challenges or seeking proactive tax planning, we [&hellip;]","og_url":"https:\/\/manfiser.com\/es\/tax-services\/","og_site_name":"Manfiser.com","article_modified_time":"2025-05-12T23:39:27+00:00","twitter_card":"summary_large_image","twitter_misc":{"Est. reading time":"1 minuto"},"schema":{"@context":"https:\/\/schema.org","@graph":[{"@type":"WebPage","@id":"https:\/\/manfiser.com\/tax-services\/","url":"https:\/\/manfiser.com\/tax-services\/","name":"Tax Services - Manfiser.com","isPartOf":{"@id":"https:\/\/manfiser.com\/#website"},"datePublished":"2024-07-11T20:30:23+00:00","dateModified":"2025-05-12T23:39:27+00:00","breadcrumb":{"@id":"https:\/\/manfiser.com\/tax-services\/#breadcrumb"},"inLanguage":"es-PE","potentialAction":[{"@type":"ReadAction","target":["https:\/\/manfiser.com\/tax-services\/"]}]},{"@type":"BreadcrumbList","@id":"https:\/\/manfiser.com\/tax-services\/#breadcrumb","itemListElement":[{"@type":"ListItem","position":1,"name":"Portada","item":"https:\/\/manfiser.com\/"},{"@type":"ListItem","position":2,"name":"Tax Services"}]},{"@type":"WebSite","@id":"https:\/\/manfiser.com\/#website","url":"https:\/\/manfiser.com\/","name":"Manfiser.com","description":"Welcome to MANFISER INC. \u2013 Your Trusted Partners in Financial Success!","publisher":{"@id":"https:\/\/manfiser.com\/#organization"},"potentialAction":[{"@type":"SearchAction","target":{"@type":"EntryPoint","urlTemplate":"https:\/\/manfiser.com\/?s={search_term_string}"},"query-input":{"@type":"PropertyValueSpecification","valueRequired":true,"valueName":"search_term_string"}}],"inLanguage":"es-PE"},{"@type":"Organization","@id":"https:\/\/manfiser.com\/#organization","name":"Manfiser.com","url":"https:\/\/manfiser.com\/","logo":{"@type":"ImageObject","inLanguage":"es-PE","@id":"https:\/\/manfiser.com\/#\/schema\/logo\/image\/","url":"https:\/\/manfiser.com\/wp-content\/uploads\/2024\/04\/Logo-principal.png","contentUrl":"https:\/\/manfiser.com\/wp-content\/uploads\/2024\/04\/Logo-principal.png","width":350,"height":100,"caption":"Manfiser.com"},"image":{"@id":"https:\/\/manfiser.com\/#\/schema\/logo\/image\/"}}]}},"_links":{"self":[{"href":"https:\/\/manfiser.com\/es\/wp-json\/wp\/v2\/pages\/279","targetHints":{"allow":["GET"]}}],"collection":[{"href":"https:\/\/manfiser.com\/es\/wp-json\/wp\/v2\/pages"}],"about":[{"href":"https:\/\/manfiser.com\/es\/wp-json\/wp\/v2\/types\/page"}],"author":[{"embeddable":true,"href":"https:\/\/manfiser.com\/es\/wp-json\/wp\/v2\/users\/1"}],"replies":[{"embeddable":true,"href":"https:\/\/manfiser.com\/es\/wp-json\/wp\/v2\/comments?post=279"}],"version-history":[{"count":3,"href":"https:\/\/manfiser.com\/es\/wp-json\/wp\/v2\/pages\/279\/revisions"}],"predecessor-version":[{"id":1052,"href":"https:\/\/manfiser.com\/es\/wp-json\/wp\/v2\/pages\/279\/revisions\/1052"}],"wp:attachment":[{"href":"https:\/\/manfiser.com\/es\/wp-json\/wp\/v2\/media?parent=279"}],"curies":[{"name":"wp","href":"https:\/\/api.w.org\/{rel}","templated":true}]}}