{"id":231,"date":"2024-07-09T03:06:18","date_gmt":"2024-07-09T03:06:18","guid":{"rendered":"https:\/\/manfiser.com\/?page_id=231"},"modified":"2025-05-12T23:22:19","modified_gmt":"2025-05-12T23:22:19","slug":"outsourcing-services","status":"publish","type":"page","link":"https:\/\/manfiser.com\/es\/outsourcing-services\/","title":{"rendered":"Servicios de Tercerizaci\u00f3n"},"content":{"rendered":"<div data-elementor-type=\"wp-page\" data-elementor-id=\"231\" class=\"elementor elementor-231\" data-elementor-post-type=\"page\">\n\t\t\t\t<div class=\"elementor-element elementor-element-1b4ff24 e-flex e-con-boxed e-con e-parent\" data-id=\"1b4ff24\" data-element_type=\"container\" data-e-type=\"container\" data-settings=\"{&quot;background_background&quot;:&quot;classic&quot;,&quot;jet_parallax_layout_list&quot;:[]}\">\n\t\t\t\t\t<div class=\"e-con-inner\">\n\t\t<div class=\"elementor-element elementor-element-7f5359da e-con-full e-flex e-con e-child\" data-id=\"7f5359da\" data-element_type=\"container\" data-e-type=\"container\" data-settings=\"{&quot;jet_parallax_layout_list&quot;:[]}\">\n\t\t<div class=\"elementor-element elementor-element-39cb5c7d e-con-full e-flex e-con e-child\" data-id=\"39cb5c7d\" data-element_type=\"container\" data-e-type=\"container\" data-settings=\"{&quot;jet_parallax_layout_list&quot;:[]}\">\n\t\t\t\t<div class=\"elementor-element elementor-element-6f23276e elementor-widget elementor-widget-heading\" data-id=\"6f23276e\" data-element_type=\"widget\" data-e-type=\"widget\" data-widget_type=\"heading.default\">\n\t\t\t\t<div class=\"elementor-widget-container\">\n\t\t\t\t\t<h1 class=\"elementor-heading-title elementor-size-default\">Servicios de Tercerizaci\u00f3n<\/h1>\t\t\t\t<\/div>\n\t\t\t\t<\/div>\n\t\t\t\t<div class=\"elementor-element elementor-element-5a0995a elementor-widget elementor-widget-heading\" data-id=\"5a0995a\" data-element_type=\"widget\" data-e-type=\"widget\" data-widget_type=\"heading.default\">\n\t\t\t\t<div class=\"elementor-widget-container\">\n\t\t\t\t\t<p class=\"elementor-heading-title elementor-size-default\">manfiser.com<\/p>\t\t\t\t<\/div>\n\t\t\t\t<\/div>\n\t\t\t\t<\/div>\n\t\t\t\t<\/div>\n\t\t\t\t\t<\/div>\n\t\t\t\t<\/div>\n\t\t<div class=\"elementor-element elementor-element-5b6776e e-flex e-con-boxed elementor-invisible e-con e-parent\" data-id=\"5b6776e\" data-element_type=\"container\" data-e-type=\"container\" data-settings=\"{&quot;jet_parallax_layout_list&quot;:[],&quot;animation&quot;:&quot;fadeInUp&quot;,&quot;background_background&quot;:&quot;classic&quot;}\">\n\t\t\t\t\t<div class=\"e-con-inner\">\n\t\t\t\t<div class=\"elementor-element elementor-element-0e0bbaa elementor-widget elementor-widget-text-editor\" data-id=\"0e0bbaa\" data-element_type=\"widget\" data-e-type=\"widget\" data-widget_type=\"text-editor.default\">\n\t\t\t\t<div class=\"elementor-widget-container\">\n\t\t\t\t\t\t\t\t\t<p>Nuestros servicios biling\u00fces en ingl\u00e9s y espa\u00f1ol son mucho m\u00e1s que una comodidad: son un activo clave en el competitivo mundo empresarial actual. Hablar varios idiomas no solo permite conectar con m\u00e1s clientes, sino tambi\u00e9n ampliar horizontes. En Manfiser Inc, entendemos lo crucial que es aprovechar al m\u00e1ximo cada minuto y cada recurso disponible. Nuestra gama de servicios profesionales de outsourcing est\u00e1 cuidadosamente dise\u00f1ada para aliviar tu carga tributaria en planillas y reducir costos, convirtiendo los desaf\u00edos en grandes oportunidades de crecimiento e innovaci\u00f3n.<\/p><p>No permitas que las barreras del idioma frenen el crecimiento de tu negocio. Nuestros servicios biling\u00fces te ayudar\u00e1n a llegar a un p\u00fablico m\u00e1s amplio y a construir relaciones m\u00e1s s\u00f3lidas. \u00bfTe interesa saber c\u00f3mo esto puede beneficiar a tu empresa? Cont\u00e1ctanos hoy mismo y descubre todas las oportunidades que te esperan.<\/p>\t\t\t\t\t\t\t\t<\/div>\n\t\t\t\t<\/div>\n\t\t\t\t<div class=\"elementor-element elementor-element-90c8938 elementor-widget-divider--view-line elementor-widget elementor-widget-divider\" data-id=\"90c8938\" data-element_type=\"widget\" data-e-type=\"widget\" data-widget_type=\"divider.default\">\n\t\t\t\t<div class=\"elementor-widget-container\">\n\t\t\t\t\t\t\t<div class=\"elementor-divider\">\n\t\t\t<span class=\"elementor-divider-separator\">\n\t\t\t\t\t\t<\/span>\n\t\t<\/div>\n\t\t\t\t\t\t<\/div>\n\t\t\t\t<\/div>\n\t\t\t\t\t<\/div>\n\t\t\t\t<\/div>\n\t\t<div class=\"elementor-element elementor-element-6babc70 e-flex e-con-boxed elementor-invisible e-con e-parent\" data-id=\"6babc70\" data-element_type=\"container\" data-e-type=\"container\" data-settings=\"{&quot;background_background&quot;:&quot;classic&quot;,&quot;jet_parallax_layout_list&quot;:[],&quot;animation&quot;:&quot;fadeInLeft&quot;}\">\n\t\t\t\t\t<div class=\"e-con-inner\">\n\t\t<div class=\"elementor-element elementor-element-dffb7c7 e-con-full elementor-hidden-mobile e-flex e-con e-child\" data-id=\"dffb7c7\" data-element_type=\"container\" data-e-type=\"container\" data-settings=\"{&quot;jet_parallax_layout_list&quot;:[],&quot;animation&quot;:&quot;none&quot;}\">\n\t\t\t\t<\/div>\n\t\t<div class=\"elementor-element elementor-element-3ac60b1 e-con-full e-flex e-con e-child\" data-id=\"3ac60b1\" data-element_type=\"container\" data-e-type=\"container\" data-settings=\"{&quot;jet_parallax_layout_list&quot;:[],&quot;animation&quot;:&quot;none&quot;}\">\n\t\t\t\t<div class=\"elementor-element elementor-element-aea5cdf elementor-widget__width-auto elementor-widget elementor-widget-heading\" data-id=\"aea5cdf\" data-element_type=\"widget\" data-e-type=\"widget\" data-widget_type=\"heading.default\">\n\t\t\t\t<div class=\"elementor-widget-container\">\n\t\t\t\t\t<h3 class=\"elementor-heading-title elementor-size-default\">RECEPCIONISTA VIRTUAL<\/h3>\t\t\t\t<\/div>\n\t\t\t\t<\/div>\n\t\t\t\t<div class=\"elementor-element elementor-element-e4148d5 elementor-align-center elementor-icon-list--layout-traditional elementor-list-item-link-full_width elementor-widget elementor-widget-icon-list\" data-id=\"e4148d5\" data-element_type=\"widget\" data-e-type=\"widget\" data-widget_type=\"icon-list.default\">\n\t\t\t\t<div class=\"elementor-widget-container\">\n\t\t\t\t\t\t\t<ul class=\"elementor-icon-list-items\">\n\t\t\t\t\t\t\t<li class=\"elementor-icon-list-item\">\n\t\t\t\t\t\t\t\t\t\t<span class=\"elementor-icon-list-text\">Atender llamadas telef\u00f3nicas y gestionar correos electr\u00f3nicos<\/span>\n\t\t\t\t\t\t\t\t\t<\/li>\n\t\t\t\t\t\t\t\t<li class=\"elementor-icon-list-item\">\n\t\t\t\t\t\t\t\t\t\t<span class=\"elementor-icon-list-text\">Programar citas y administrar calendarios<\/span>\n\t\t\t\t\t\t\t\t\t<\/li>\n\t\t\t\t\t\t\t\t<li class=\"elementor-icon-list-item\">\n\t\t\t\t\t\t\t\t\t\t<span class=\"elementor-icon-list-text\">Responder preguntas b\u00e1sicas de los clientes<\/span>\n\t\t\t\t\t\t\t\t\t<\/li>\n\t\t\t\t\t\t\t\t<li class=\"elementor-icon-list-item\">\n\t\t\t\t\t\t\t\t\t\t<span class=\"elementor-icon-list-text\">Asistente administrativo virtual<\/span>\n\t\t\t\t\t\t\t\t\t<\/li>\n\t\t\t\t\t\t\t\t<li class=\"elementor-icon-list-item\">\n\t\t\t\t\t\t\t\t\t\t<span class=\"elementor-icon-list-text\">Gestionar archivos y documentos en la nube<\/span>\n\t\t\t\t\t\t\t\t\t<\/li>\n\t\t\t\t\t\t\t\t<li class=\"elementor-icon-list-item\">\n\t\t\t\t\t\t\t\t\t\t<span class=\"elementor-icon-list-text\">Elaborar reportes y presentaciones<\/span>\n\t\t\t\t\t\t\t\t\t<\/li>\n\t\t\t\t\t\t\t\t<li class=\"elementor-icon-list-item\">\n\t\t\t\t\t\t\t\t\t\t<span class=\"elementor-icon-list-text\">Coordinar viajes y reservas<\/span>\n\t\t\t\t\t\t\t\t\t<\/li>\n\t\t\t\t\t\t<\/ul>\n\t\t\t\t\t\t<\/div>\n\t\t\t\t<\/div>\n\t\t\t\t<div class=\"elementor-element elementor-element-d6c1063 elementor-widget__width-auto elementor-widget elementor-widget-heading\" data-id=\"d6c1063\" data-element_type=\"widget\" data-e-type=\"widget\" data-widget_type=\"heading.default\">\n\t\t\t\t<div class=\"elementor-widget-container\">\n\t\t\t\t\t<h3 class=\"elementor-heading-title elementor-size-default\">CONTABILIDAD VIRTUAL<\/h3>\t\t\t\t<\/div>\n\t\t\t\t<\/div>\n\t\t\t\t<div class=\"elementor-element elementor-element-fb9f9eb elementor-align-center elementor-icon-list--layout-traditional elementor-list-item-link-full_width elementor-widget elementor-widget-icon-list\" data-id=\"fb9f9eb\" data-element_type=\"widget\" data-e-type=\"widget\" data-widget_type=\"icon-list.default\">\n\t\t\t\t<div class=\"elementor-widget-container\">\n\t\t\t\t\t\t\t<ul class=\"elementor-icon-list-items\">\n\t\t\t\t\t\t\t<li class=\"elementor-icon-list-item\">\n\t\t\t\t\t\t\t\t\t\t<span class=\"elementor-icon-list-text\">Mantener registros contables en l\u00ednea<\/span>\n\t\t\t\t\t\t\t\t\t<\/li>\n\t\t\t\t\t\t\t\t<li class=\"elementor-icon-list-item\">\n\t\t\t\t\t\t\t\t\t\t<span class=\"elementor-icon-list-text\">Conciliar estados bancarios y registrar ingresos\/gastos<\/span>\n\t\t\t\t\t\t\t\t\t<\/li>\n\t\t\t\t\t\t\t\t<li class=\"elementor-icon-list-item\">\n\t\t\t\t\t\t\t\t\t\t<span class=\"elementor-icon-list-text\">Generar reportes financieros b\u00e1sicos<\/span>\n\t\t\t\t\t\t\t\t\t<\/li>\n\t\t\t\t\t\t<\/ul>\n\t\t\t\t\t\t<\/div>\n\t\t\t\t<\/div>\n\t\t\t\t<\/div>\n\t\t\t\t\t<\/div>\n\t\t\t\t<\/div>\n\t\t<div class=\"elementor-element elementor-element-113b066 e-flex e-con-boxed e-con e-parent\" data-id=\"113b066\" data-element_type=\"container\" data-e-type=\"container\" data-settings=\"{&quot;background_background&quot;:&quot;classic&quot;,&quot;jet_parallax_layout_list&quot;:[]}\">\n\t\t\t\t\t<div class=\"e-con-inner\">\n\t\t\t\t<div class=\"elementor-element elementor-element-bbb2c5a elementor-widget elementor-widget-heading\" data-id=\"bbb2c5a\" data-element_type=\"widget\" data-e-type=\"widget\" data-widget_type=\"heading.default\">\n\t\t\t\t<div class=\"elementor-widget-container\">\n\t\t\t\t\t<h3 class=\"elementor-heading-title elementor-size-default\">Cont\u00e1ctanos<\/h3>\t\t\t\t<\/div>\n\t\t\t\t<\/div>\n\t\t\t\t<div class=\"elementor-element elementor-element-afaefa0 elementor-align-center elementor-widget elementor-widget-button\" data-id=\"afaefa0\" data-element_type=\"widget\" data-e-type=\"widget\" data-widget_type=\"button.default\">\n\t\t\t\t<div class=\"elementor-widget-container\">\n\t\t\t\t\t\t\t\t\t<div class=\"elementor-button-wrapper\">\n\t\t\t\t\t<a class=\"elementor-button elementor-button-link elementor-size-sm\" href=\"#\">\n\t\t\t\t\t\t<span class=\"elementor-button-content-wrapper\">\n\t\t\t\t\t\t\t\t\t<span class=\"elementor-button-text\">Mayor informaci\u00f3n<\/span>\n\t\t\t\t\t<\/span>\n\t\t\t\t\t<\/a>\n\t\t\t\t<\/div>\n\t\t\t\t\t\t\t\t<\/div>\n\t\t\t\t<\/div>\n\t\t\t\t\t<\/div>\n\t\t\t\t<\/div>\n\t\t\t\t<\/div>","protected":false},"excerpt":{"rendered":"<p>Outsourcing Services manfiser.com Our bilingual English and Spanish services are more than just a convenience \u2013 they&#8217;re a key asset in today&#8217;s competitive business world. Speaking multiple languages isn&#8217;t just about connecting with customers; it\u2019s about expanding your horizons. At Manfiser Inc, we understand how crucial it is to make every minute count and make [&hellip;]<\/p>\n","protected":false},"author":1,"featured_media":0,"parent":0,"menu_order":0,"comment_status":"closed","ping_status":"closed","template":"elementor_header_footer","meta":{"footnotes":""},"class_list":["post-231","page","type-page","status-publish","hentry"],"yoast_head":"<!-- This site is optimized with the Yoast SEO plugin v27.3 - https:\/\/yoast.com\/product\/yoast-seo-wordpress\/ -->\n<title>Outsourcing Services - Manfiser.com<\/title>\n<meta name=\"robots\" content=\"index, follow, max-snippet:-1, max-image-preview:large, max-video-preview:-1\" \/>\n<link rel=\"canonical\" href=\"https:\/\/manfiser.com\/es\/outsourcing-services\/\" \/>\n<meta property=\"og:locale\" content=\"es_ES\" \/>\n<meta property=\"og:type\" content=\"article\" \/>\n<meta property=\"og:title\" content=\"Outsourcing Services - Manfiser.com\" \/>\n<meta property=\"og:description\" content=\"Outsourcing Services manfiser.com Our bilingual English and Spanish services are more than just a convenience \u2013 they&#8217;re a key asset in today&#8217;s competitive business world. Speaking multiple languages isn&#8217;t just about connecting with customers; it\u2019s about expanding your horizons. At Manfiser Inc, we understand how crucial it is to make every minute count and make [&hellip;]\" \/>\n<meta property=\"og:url\" content=\"https:\/\/manfiser.com\/es\/outsourcing-services\/\" \/>\n<meta property=\"og:site_name\" content=\"Manfiser.com\" \/>\n<meta property=\"article:modified_time\" content=\"2025-05-12T23:22:19+00:00\" \/>\n<meta name=\"twitter:card\" content=\"summary_large_image\" \/>\n<meta name=\"twitter:label1\" content=\"Est. reading time\" \/>\n\t<meta name=\"twitter:data1\" content=\"1 minuto\" \/>\n<script type=\"application\/ld+json\" class=\"yoast-schema-graph\">{\"@context\":\"https:\\\/\\\/schema.org\",\"@graph\":[{\"@type\":\"WebPage\",\"@id\":\"https:\\\/\\\/manfiser.com\\\/outsourcing-services\\\/\",\"url\":\"https:\\\/\\\/manfiser.com\\\/outsourcing-services\\\/\",\"name\":\"Outsourcing Services - Manfiser.com\",\"isPartOf\":{\"@id\":\"https:\\\/\\\/manfiser.com\\\/#website\"},\"datePublished\":\"2024-07-09T03:06:18+00:00\",\"dateModified\":\"2025-05-12T23:22:19+00:00\",\"breadcrumb\":{\"@id\":\"https:\\\/\\\/manfiser.com\\\/outsourcing-services\\\/#breadcrumb\"},\"inLanguage\":\"es-PE\",\"potentialAction\":[{\"@type\":\"ReadAction\",\"target\":[\"https:\\\/\\\/manfiser.com\\\/outsourcing-services\\\/\"]}]},{\"@type\":\"BreadcrumbList\",\"@id\":\"https:\\\/\\\/manfiser.com\\\/outsourcing-services\\\/#breadcrumb\",\"itemListElement\":[{\"@type\":\"ListItem\",\"position\":1,\"name\":\"Portada\",\"item\":\"https:\\\/\\\/manfiser.com\\\/\"},{\"@type\":\"ListItem\",\"position\":2,\"name\":\"Outsourcing Services\"}]},{\"@type\":\"WebSite\",\"@id\":\"https:\\\/\\\/manfiser.com\\\/#website\",\"url\":\"https:\\\/\\\/manfiser.com\\\/\",\"name\":\"Manfiser.com\",\"description\":\"Welcome to MANFISER INC. \u2013 Your Trusted Partners in Financial Success!\",\"publisher\":{\"@id\":\"https:\\\/\\\/manfiser.com\\\/#organization\"},\"potentialAction\":[{\"@type\":\"SearchAction\",\"target\":{\"@type\":\"EntryPoint\",\"urlTemplate\":\"https:\\\/\\\/manfiser.com\\\/?s={search_term_string}\"},\"query-input\":{\"@type\":\"PropertyValueSpecification\",\"valueRequired\":true,\"valueName\":\"search_term_string\"}}],\"inLanguage\":\"es-PE\"},{\"@type\":\"Organization\",\"@id\":\"https:\\\/\\\/manfiser.com\\\/#organization\",\"name\":\"Manfiser.com\",\"url\":\"https:\\\/\\\/manfiser.com\\\/\",\"logo\":{\"@type\":\"ImageObject\",\"inLanguage\":\"es-PE\",\"@id\":\"https:\\\/\\\/manfiser.com\\\/#\\\/schema\\\/logo\\\/image\\\/\",\"url\":\"https:\\\/\\\/manfiser.com\\\/wp-content\\\/uploads\\\/2024\\\/04\\\/Logo-principal.png\",\"contentUrl\":\"https:\\\/\\\/manfiser.com\\\/wp-content\\\/uploads\\\/2024\\\/04\\\/Logo-principal.png\",\"width\":350,\"height\":100,\"caption\":\"Manfiser.com\"},\"image\":{\"@id\":\"https:\\\/\\\/manfiser.com\\\/#\\\/schema\\\/logo\\\/image\\\/\"}}]}<\/script>\n<!-- \/ Yoast SEO plugin. -->","yoast_head_json":{"title":"Outsourcing Services - Manfiser.com","robots":{"index":"index","follow":"follow","max-snippet":"max-snippet:-1","max-image-preview":"max-image-preview:large","max-video-preview":"max-video-preview:-1"},"canonical":"https:\/\/manfiser.com\/es\/outsourcing-services\/","og_locale":"es_ES","og_type":"article","og_title":"Outsourcing Services - Manfiser.com","og_description":"Outsourcing Services manfiser.com Our bilingual English and Spanish services are more than just a convenience \u2013 they&#8217;re a key asset in today&#8217;s competitive business world. Speaking multiple languages isn&#8217;t just about connecting with customers; it\u2019s about expanding your horizons. At Manfiser Inc, we understand how crucial it is to make every minute count and make [&hellip;]","og_url":"https:\/\/manfiser.com\/es\/outsourcing-services\/","og_site_name":"Manfiser.com","article_modified_time":"2025-05-12T23:22:19+00:00","twitter_card":"summary_large_image","twitter_misc":{"Est. reading time":"1 minuto"},"schema":{"@context":"https:\/\/schema.org","@graph":[{"@type":"WebPage","@id":"https:\/\/manfiser.com\/outsourcing-services\/","url":"https:\/\/manfiser.com\/outsourcing-services\/","name":"Outsourcing Services - Manfiser.com","isPartOf":{"@id":"https:\/\/manfiser.com\/#website"},"datePublished":"2024-07-09T03:06:18+00:00","dateModified":"2025-05-12T23:22:19+00:00","breadcrumb":{"@id":"https:\/\/manfiser.com\/outsourcing-services\/#breadcrumb"},"inLanguage":"es-PE","potentialAction":[{"@type":"ReadAction","target":["https:\/\/manfiser.com\/outsourcing-services\/"]}]},{"@type":"BreadcrumbList","@id":"https:\/\/manfiser.com\/outsourcing-services\/#breadcrumb","itemListElement":[{"@type":"ListItem","position":1,"name":"Portada","item":"https:\/\/manfiser.com\/"},{"@type":"ListItem","position":2,"name":"Outsourcing Services"}]},{"@type":"WebSite","@id":"https:\/\/manfiser.com\/#website","url":"https:\/\/manfiser.com\/","name":"Manfiser.com","description":"Welcome to MANFISER INC. \u2013 Your Trusted Partners in Financial Success!","publisher":{"@id":"https:\/\/manfiser.com\/#organization"},"potentialAction":[{"@type":"SearchAction","target":{"@type":"EntryPoint","urlTemplate":"https:\/\/manfiser.com\/?s={search_term_string}"},"query-input":{"@type":"PropertyValueSpecification","valueRequired":true,"valueName":"search_term_string"}}],"inLanguage":"es-PE"},{"@type":"Organization","@id":"https:\/\/manfiser.com\/#organization","name":"Manfiser.com","url":"https:\/\/manfiser.com\/","logo":{"@type":"ImageObject","inLanguage":"es-PE","@id":"https:\/\/manfiser.com\/#\/schema\/logo\/image\/","url":"https:\/\/manfiser.com\/wp-content\/uploads\/2024\/04\/Logo-principal.png","contentUrl":"https:\/\/manfiser.com\/wp-content\/uploads\/2024\/04\/Logo-principal.png","width":350,"height":100,"caption":"Manfiser.com"},"image":{"@id":"https:\/\/manfiser.com\/#\/schema\/logo\/image\/"}}]}},"_links":{"self":[{"href":"https:\/\/manfiser.com\/es\/wp-json\/wp\/v2\/pages\/231","targetHints":{"allow":["GET"]}}],"collection":[{"href":"https:\/\/manfiser.com\/es\/wp-json\/wp\/v2\/pages"}],"about":[{"href":"https:\/\/manfiser.com\/es\/wp-json\/wp\/v2\/types\/page"}],"author":[{"embeddable":true,"href":"https:\/\/manfiser.com\/es\/wp-json\/wp\/v2\/users\/1"}],"replies":[{"embeddable":true,"href":"https:\/\/manfiser.com\/es\/wp-json\/wp\/v2\/comments?post=231"}],"version-history":[{"count":3,"href":"https:\/\/manfiser.com\/es\/wp-json\/wp\/v2\/pages\/231\/revisions"}],"predecessor-version":[{"id":1041,"href":"https:\/\/manfiser.com\/es\/wp-json\/wp\/v2\/pages\/231\/revisions\/1041"}],"wp:attachment":[{"href":"https:\/\/manfiser.com\/es\/wp-json\/wp\/v2\/media?parent=231"}],"curies":[{"name":"wp","href":"https:\/\/api.w.org\/{rel}","templated":true}]}}