{"id":171,"date":"2024-07-01T00:29:25","date_gmt":"2024-07-01T00:29:25","guid":{"rendered":"https:\/\/manfiser.com\/?page_id=171"},"modified":"2025-05-12T22:03:24","modified_gmt":"2025-05-12T22:03:24","slug":"about-us","status":"publish","type":"page","link":"https:\/\/manfiser.com\/es\/about-us\/","title":{"rendered":"Nosotros"},"content":{"rendered":"<div data-elementor-type=\"wp-page\" data-elementor-id=\"171\" class=\"elementor elementor-171\" data-elementor-post-type=\"page\">\n\t\t\t\t<div class=\"elementor-element elementor-element-b71ef94 elementor-hidden-mobile e-flex e-con-boxed e-con e-parent\" data-id=\"b71ef94\" data-element_type=\"container\" data-e-type=\"container\" data-settings=\"{&quot;background_background&quot;:&quot;classic&quot;,&quot;jet_parallax_layout_list&quot;:[]}\">\n\t\t\t\t\t<div class=\"e-con-inner\">\n\t\t<div class=\"elementor-element elementor-element-3dec8bc e-con-full e-flex e-con e-child\" data-id=\"3dec8bc\" data-element_type=\"container\" data-e-type=\"container\" data-settings=\"{&quot;jet_parallax_layout_list&quot;:[]}\">\n\t\t\t\t<\/div>\n\t\t\t\t\t<\/div>\n\t\t\t\t<\/div>\n\t\t<div class=\"elementor-element elementor-element-37e23fc e-con-full e-flex e-con e-parent\" data-id=\"37e23fc\" data-element_type=\"container\" data-e-type=\"container\" data-settings=\"{&quot;background_background&quot;:&quot;classic&quot;,&quot;jet_parallax_layout_list&quot;:[]}\">\n\t\t<div class=\"elementor-element elementor-element-8c8280d e-con-full e-flex e-con e-child\" data-id=\"8c8280d\" data-element_type=\"container\" data-e-type=\"container\" data-settings=\"{&quot;jet_parallax_layout_list&quot;:[]}\">\n\t\t\t\t<\/div>\n\t\t<div class=\"elementor-element elementor-element-fa247e8 e-con-full e-flex e-con e-child\" data-id=\"fa247e8\" data-element_type=\"container\" data-e-type=\"container\" data-settings=\"{&quot;background_background&quot;:&quot;classic&quot;,&quot;jet_parallax_layout_list&quot;:[]}\">\n\t\t\t\t<div class=\"elementor-element elementor-element-476fde6 elementor-widget elementor-widget-heading\" data-id=\"476fde6\" data-element_type=\"widget\" data-e-type=\"widget\" data-widget_type=\"heading.default\">\n\t\t\t\t<div class=\"elementor-widget-container\">\n\t\t\t\t\t<h1 class=\"elementor-heading-title elementor-size-default\">Bienestar y productividad van de la mano<\/h1>\t\t\t\t<\/div>\n\t\t\t\t<\/div>\n\t\t\t\t<div class=\"elementor-element elementor-element-1810f19 elementor-widget elementor-widget-text-editor\" data-id=\"1810f19\" data-element_type=\"widget\" data-e-type=\"widget\" data-widget_type=\"text-editor.default\">\n\t\t\t\t<div class=\"elementor-widget-container\">\n\t\t\t\t\t\t\t\t\t<p>Bienvenido a Manfiser Management and Financial Services INC.<\/p>\t\t\t\t\t\t\t\t<\/div>\n\t\t\t\t<\/div>\n\t\t\t\t<\/div>\n\t\t<div class=\"elementor-element elementor-element-46b0b8f e-con-full elementor-hidden-mobile e-flex e-con e-child\" data-id=\"46b0b8f\" data-element_type=\"container\" data-e-type=\"container\" data-settings=\"{&quot;jet_parallax_layout_list&quot;:[],&quot;background_background&quot;:&quot;classic&quot;}\">\n\t\t\t\t<\/div>\n\t\t<div class=\"elementor-element elementor-element-1f7b4e4 e-con-full elementor-hidden-mobile e-flex e-con e-child\" data-id=\"1f7b4e4\" data-element_type=\"container\" data-e-type=\"container\" data-settings=\"{&quot;jet_parallax_layout_list&quot;:[]}\">\n\t\t\t\t<\/div>\n\t\t\t\t<\/div>\n\t\t<div class=\"elementor-element elementor-element-d714566 e-flex e-con-boxed e-con e-parent\" data-id=\"d714566\" data-element_type=\"container\" data-e-type=\"container\" data-settings=\"{&quot;jet_parallax_layout_list&quot;:[]}\">\n\t\t\t\t\t<div class=\"e-con-inner\">\n\t\t\t\t<div class=\"elementor-element elementor-element-0bd15c0 elementor-widget elementor-widget-heading\" data-id=\"0bd15c0\" data-element_type=\"widget\" data-e-type=\"widget\" data-widget_type=\"heading.default\">\n\t\t\t\t<div class=\"elementor-widget-container\">\n\t\t\t\t\t<p class=\"elementor-heading-title elementor-size-default\">Fundada en 2022, MANFISER INC. se ha dedicado a brindar servicios contables excepcionales, adaptados a las necesidades espec\u00edficas de cada cliente. Con m\u00e1s de 10 a\u00f1os de experiencia en el sector financiero, hemos consolidado una reputaci\u00f3n basada en la excelencia, la confiabilidad y la integridad.<\/p>\t\t\t\t<\/div>\n\t\t\t\t<\/div>\n\t\t\t\t\t<\/div>\n\t\t\t\t<\/div>\n\t\t<div class=\"elementor-element elementor-element-02637b2 e-flex e-con-boxed e-con e-parent\" data-id=\"02637b2\" data-element_type=\"container\" data-e-type=\"container\" data-settings=\"{&quot;jet_parallax_layout_list&quot;:[],&quot;background_background&quot;:&quot;classic&quot;}\">\n\t\t\t\t\t<div class=\"e-con-inner\">\n\t\t<div class=\"elementor-element elementor-element-ee571a7 e-con-full e-flex e-con e-child\" data-id=\"ee571a7\" data-element_type=\"container\" data-e-type=\"container\" data-settings=\"{&quot;jet_parallax_layout_list&quot;:[]}\">\n\t\t\t\t<div class=\"elementor-element elementor-element-cc15a34 elementor-widget elementor-widget-heading\" data-id=\"cc15a34\" data-element_type=\"widget\" data-e-type=\"widget\" data-widget_type=\"heading.default\">\n\t\t\t\t<div class=\"elementor-widget-container\">\n\t\t\t\t\t<h3 class=\"elementor-heading-title elementor-size-default\">EN MANFISER INC.,<br> MANTENEMOS UN FUERTE COMPROMISO CON:<\/h3>\t\t\t\t<\/div>\n\t\t\t\t<\/div>\n\t\t\t\t<\/div>\n\t\t<div class=\"elementor-element elementor-element-2964598 e-con-full e-flex e-con e-child\" data-id=\"2964598\" data-element_type=\"container\" data-e-type=\"container\" data-settings=\"{&quot;jet_parallax_layout_list&quot;:[]}\">\n\t\t\t\t<div class=\"elementor-element elementor-element-2b8d47f elementor-widget elementor-widget-heading\" data-id=\"2b8d47f\" data-element_type=\"widget\" data-e-type=\"widget\" data-widget_type=\"heading.default\">\n\t\t\t\t<div class=\"elementor-widget-container\">\n\t\t\t\t\t<h2 class=\"elementor-heading-title elementor-size-default\">EXCELENCIA<\/h2>\t\t\t\t<\/div>\n\t\t\t\t<\/div>\n\t\t\t\t<div class=\"elementor-element elementor-element-455d8a3 elementor-widget elementor-widget-text-editor\" data-id=\"455d8a3\" data-element_type=\"widget\" data-e-type=\"widget\" data-widget_type=\"text-editor.default\">\n\t\t\t\t<div class=\"elementor-widget-container\">\n\t\t\t\t\t\t\t\t\t<p>Nos esforzamos por alcanzar la m\u00e1s alta calidad en nuestros servicios, brindando soluciones precisas y eficientes a nuestros clientes.<\/p>\t\t\t\t\t\t\t\t<\/div>\n\t\t\t\t<\/div>\n\t\t\t\t<div class=\"elementor-element elementor-element-a5592f4 elementor-widget elementor-widget-heading\" data-id=\"a5592f4\" data-element_type=\"widget\" data-e-type=\"widget\" data-widget_type=\"heading.default\">\n\t\t\t\t<div class=\"elementor-widget-container\">\n\t\t\t\t\t<h2 class=\"elementor-heading-title elementor-size-default\">INTEGRIDAD<\/h2>\t\t\t\t<\/div>\n\t\t\t\t<\/div>\n\t\t\t\t<div class=\"elementor-element elementor-element-e941763 elementor-widget elementor-widget-text-editor\" data-id=\"e941763\" data-element_type=\"widget\" data-e-type=\"widget\" data-widget_type=\"text-editor.default\">\n\t\t\t\t<div class=\"elementor-widget-container\">\n\t\t\t\t\t\t\t\t\t<p>Actuamos con transparencia, honestidad y principios \u00e9ticos en cada aspecto de nuestro trabajo.<\/p>\t\t\t\t\t\t\t\t<\/div>\n\t\t\t\t<\/div>\n\t\t\t\t<div class=\"elementor-element elementor-element-03610ab elementor-widget elementor-widget-heading\" data-id=\"03610ab\" data-element_type=\"widget\" data-e-type=\"widget\" data-widget_type=\"heading.default\">\n\t\t\t\t<div class=\"elementor-widget-container\">\n\t\t\t\t\t<h2 class=\"elementor-heading-title elementor-size-default\">Orientaci\u00f3n al Cliente<\/h2>\t\t\t\t<\/div>\n\t\t\t\t<\/div>\n\t\t\t\t<div class=\"elementor-element elementor-element-0dc992e elementor-widget elementor-widget-text-editor\" data-id=\"0dc992e\" data-element_type=\"widget\" data-e-type=\"widget\" data-widget_type=\"text-editor.default\">\n\t\t\t\t<div class=\"elementor-widget-container\">\n\t\t\t\t\t\t\t\t\t<p>Entendemos los objetivos de nuestros clientes y brindamos estrategias personalizadas que los ayuden a alcanzar sus metas financieras.<\/p>\t\t\t\t\t\t\t\t<\/div>\n\t\t\t\t<\/div>\n\t\t\t\t<\/div>\n\t\t\t\t\t<\/div>\n\t\t\t\t<\/div>\n\t\t<div class=\"elementor-element elementor-element-d1afb01 e-flex e-con-boxed e-con e-parent\" data-id=\"d1afb01\" data-element_type=\"container\" data-e-type=\"container\" data-settings=\"{&quot;background_background&quot;:&quot;classic&quot;,&quot;jet_parallax_layout_list&quot;:[]}\">\n\t\t\t\t\t<div class=\"e-con-inner\">\n\t\t\t\t<div class=\"elementor-element elementor-element-ed9cc44 elementor-widget elementor-widget-heading\" data-id=\"ed9cc44\" data-element_type=\"widget\" data-e-type=\"widget\" data-widget_type=\"heading.default\">\n\t\t\t\t<div class=\"elementor-widget-container\">\n\t\t\t\t\t<h3 class=\"elementor-heading-title elementor-size-default\">Cont\u00e1ctanos<\/h3>\t\t\t\t<\/div>\n\t\t\t\t<\/div>\n\t\t\t\t<div class=\"elementor-element elementor-element-7b3e0c8 elementor-align-center elementor-widget elementor-widget-button\" data-id=\"7b3e0c8\" data-element_type=\"widget\" data-e-type=\"widget\" data-widget_type=\"button.default\">\n\t\t\t\t<div class=\"elementor-widget-container\">\n\t\t\t\t\t\t\t\t\t<div class=\"elementor-button-wrapper\">\n\t\t\t\t\t<a class=\"elementor-button elementor-button-link elementor-size-sm\" href=\"#\">\n\t\t\t\t\t\t<span class=\"elementor-button-content-wrapper\">\n\t\t\t\t\t\t\t\t\t<span class=\"elementor-button-text\">Mayor informaci\u00f3n<\/span>\n\t\t\t\t\t<\/span>\n\t\t\t\t\t<\/a>\n\t\t\t\t<\/div>\n\t\t\t\t\t\t\t\t<\/div>\n\t\t\t\t<\/div>\n\t\t\t\t\t<\/div>\n\t\t\t\t<\/div>\n\t\t\t\t<\/div>","protected":false},"excerpt":{"rendered":"<p>Be Well, Work Well Welcome to Manfiser Management and Financial Services INC. Established in 2022, MANFISER INC. has been dedicated to providing exceptional accounting services tailored to meet the unique needs of our clients. With over 10 years of experience in the financial industry, we have cultivated a reputation for excellence, reliability, and integrity. At [&hellip;]<\/p>\n","protected":false},"author":1,"featured_media":0,"parent":0,"menu_order":0,"comment_status":"closed","ping_status":"closed","template":"elementor_header_footer","meta":{"footnotes":""},"class_list":["post-171","page","type-page","status-publish","hentry"],"yoast_head":"<!-- This site is optimized with the Yoast SEO plugin v27.3 - https:\/\/yoast.com\/product\/yoast-seo-wordpress\/ -->\n<title>About us - Manfiser.com<\/title>\n<meta name=\"robots\" content=\"index, follow, max-snippet:-1, max-image-preview:large, max-video-preview:-1\" \/>\n<link rel=\"canonical\" href=\"https:\/\/manfiser.com\/es\/about-us\/\" \/>\n<meta property=\"og:locale\" content=\"es_ES\" \/>\n<meta property=\"og:type\" content=\"article\" \/>\n<meta property=\"og:title\" content=\"About us - Manfiser.com\" \/>\n<meta property=\"og:description\" content=\"Be Well, Work Well Welcome to Manfiser Management and Financial Services INC. Established in 2022, MANFISER INC. has been dedicated to providing exceptional accounting services tailored to meet the unique needs of our clients. With over 10 years of experience in the financial industry, we have cultivated a reputation for excellence, reliability, and integrity. At [&hellip;]\" \/>\n<meta property=\"og:url\" content=\"https:\/\/manfiser.com\/es\/about-us\/\" \/>\n<meta property=\"og:site_name\" content=\"Manfiser.com\" \/>\n<meta property=\"article:modified_time\" content=\"2025-05-12T22:03:24+00:00\" \/>\n<meta name=\"twitter:card\" content=\"summary_large_image\" \/>\n<meta name=\"twitter:label1\" content=\"Est. reading time\" \/>\n\t<meta name=\"twitter:data1\" content=\"1 minuto\" \/>\n<script type=\"application\/ld+json\" class=\"yoast-schema-graph\">{\"@context\":\"https:\\\/\\\/schema.org\",\"@graph\":[{\"@type\":\"WebPage\",\"@id\":\"https:\\\/\\\/manfiser.com\\\/about-us\\\/\",\"url\":\"https:\\\/\\\/manfiser.com\\\/about-us\\\/\",\"name\":\"About us - Manfiser.com\",\"isPartOf\":{\"@id\":\"https:\\\/\\\/manfiser.com\\\/#website\"},\"datePublished\":\"2024-07-01T00:29:25+00:00\",\"dateModified\":\"2025-05-12T22:03:24+00:00\",\"breadcrumb\":{\"@id\":\"https:\\\/\\\/manfiser.com\\\/about-us\\\/#breadcrumb\"},\"inLanguage\":\"es-PE\",\"potentialAction\":[{\"@type\":\"ReadAction\",\"target\":[\"https:\\\/\\\/manfiser.com\\\/about-us\\\/\"]}]},{\"@type\":\"BreadcrumbList\",\"@id\":\"https:\\\/\\\/manfiser.com\\\/about-us\\\/#breadcrumb\",\"itemListElement\":[{\"@type\":\"ListItem\",\"position\":1,\"name\":\"Portada\",\"item\":\"https:\\\/\\\/manfiser.com\\\/\"},{\"@type\":\"ListItem\",\"position\":2,\"name\":\"About us\"}]},{\"@type\":\"WebSite\",\"@id\":\"https:\\\/\\\/manfiser.com\\\/#website\",\"url\":\"https:\\\/\\\/manfiser.com\\\/\",\"name\":\"Manfiser.com\",\"description\":\"Welcome to MANFISER INC. \u2013 Your Trusted Partners in Financial Success!\",\"publisher\":{\"@id\":\"https:\\\/\\\/manfiser.com\\\/#organization\"},\"potentialAction\":[{\"@type\":\"SearchAction\",\"target\":{\"@type\":\"EntryPoint\",\"urlTemplate\":\"https:\\\/\\\/manfiser.com\\\/?s={search_term_string}\"},\"query-input\":{\"@type\":\"PropertyValueSpecification\",\"valueRequired\":true,\"valueName\":\"search_term_string\"}}],\"inLanguage\":\"es-PE\"},{\"@type\":\"Organization\",\"@id\":\"https:\\\/\\\/manfiser.com\\\/#organization\",\"name\":\"Manfiser.com\",\"url\":\"https:\\\/\\\/manfiser.com\\\/\",\"logo\":{\"@type\":\"ImageObject\",\"inLanguage\":\"es-PE\",\"@id\":\"https:\\\/\\\/manfiser.com\\\/#\\\/schema\\\/logo\\\/image\\\/\",\"url\":\"https:\\\/\\\/manfiser.com\\\/wp-content\\\/uploads\\\/2024\\\/04\\\/Logo-principal.png\",\"contentUrl\":\"https:\\\/\\\/manfiser.com\\\/wp-content\\\/uploads\\\/2024\\\/04\\\/Logo-principal.png\",\"width\":350,\"height\":100,\"caption\":\"Manfiser.com\"},\"image\":{\"@id\":\"https:\\\/\\\/manfiser.com\\\/#\\\/schema\\\/logo\\\/image\\\/\"}}]}<\/script>\n<!-- \/ Yoast SEO plugin. -->","yoast_head_json":{"title":"About us - Manfiser.com","robots":{"index":"index","follow":"follow","max-snippet":"max-snippet:-1","max-image-preview":"max-image-preview:large","max-video-preview":"max-video-preview:-1"},"canonical":"https:\/\/manfiser.com\/es\/about-us\/","og_locale":"es_ES","og_type":"article","og_title":"About us - Manfiser.com","og_description":"Be Well, Work Well Welcome to Manfiser Management and Financial Services INC. Established in 2022, MANFISER INC. has been dedicated to providing exceptional accounting services tailored to meet the unique needs of our clients. With over 10 years of experience in the financial industry, we have cultivated a reputation for excellence, reliability, and integrity. At [&hellip;]","og_url":"https:\/\/manfiser.com\/es\/about-us\/","og_site_name":"Manfiser.com","article_modified_time":"2025-05-12T22:03:24+00:00","twitter_card":"summary_large_image","twitter_misc":{"Est. reading time":"1 minuto"},"schema":{"@context":"https:\/\/schema.org","@graph":[{"@type":"WebPage","@id":"https:\/\/manfiser.com\/about-us\/","url":"https:\/\/manfiser.com\/about-us\/","name":"About us - Manfiser.com","isPartOf":{"@id":"https:\/\/manfiser.com\/#website"},"datePublished":"2024-07-01T00:29:25+00:00","dateModified":"2025-05-12T22:03:24+00:00","breadcrumb":{"@id":"https:\/\/manfiser.com\/about-us\/#breadcrumb"},"inLanguage":"es-PE","potentialAction":[{"@type":"ReadAction","target":["https:\/\/manfiser.com\/about-us\/"]}]},{"@type":"BreadcrumbList","@id":"https:\/\/manfiser.com\/about-us\/#breadcrumb","itemListElement":[{"@type":"ListItem","position":1,"name":"Portada","item":"https:\/\/manfiser.com\/"},{"@type":"ListItem","position":2,"name":"About us"}]},{"@type":"WebSite","@id":"https:\/\/manfiser.com\/#website","url":"https:\/\/manfiser.com\/","name":"Manfiser.com","description":"Welcome to MANFISER INC. \u2013 Your Trusted Partners in Financial Success!","publisher":{"@id":"https:\/\/manfiser.com\/#organization"},"potentialAction":[{"@type":"SearchAction","target":{"@type":"EntryPoint","urlTemplate":"https:\/\/manfiser.com\/?s={search_term_string}"},"query-input":{"@type":"PropertyValueSpecification","valueRequired":true,"valueName":"search_term_string"}}],"inLanguage":"es-PE"},{"@type":"Organization","@id":"https:\/\/manfiser.com\/#organization","name":"Manfiser.com","url":"https:\/\/manfiser.com\/","logo":{"@type":"ImageObject","inLanguage":"es-PE","@id":"https:\/\/manfiser.com\/#\/schema\/logo\/image\/","url":"https:\/\/manfiser.com\/wp-content\/uploads\/2024\/04\/Logo-principal.png","contentUrl":"https:\/\/manfiser.com\/wp-content\/uploads\/2024\/04\/Logo-principal.png","width":350,"height":100,"caption":"Manfiser.com"},"image":{"@id":"https:\/\/manfiser.com\/#\/schema\/logo\/image\/"}}]}},"_links":{"self":[{"href":"https:\/\/manfiser.com\/es\/wp-json\/wp\/v2\/pages\/171","targetHints":{"allow":["GET"]}}],"collection":[{"href":"https:\/\/manfiser.com\/es\/wp-json\/wp\/v2\/pages"}],"about":[{"href":"https:\/\/manfiser.com\/es\/wp-json\/wp\/v2\/types\/page"}],"author":[{"embeddable":true,"href":"https:\/\/manfiser.com\/es\/wp-json\/wp\/v2\/users\/1"}],"replies":[{"embeddable":true,"href":"https:\/\/manfiser.com\/es\/wp-json\/wp\/v2\/comments?post=171"}],"version-history":[{"count":6,"href":"https:\/\/manfiser.com\/es\/wp-json\/wp\/v2\/pages\/171\/revisions"}],"predecessor-version":[{"id":1031,"href":"https:\/\/manfiser.com\/es\/wp-json\/wp\/v2\/pages\/171\/revisions\/1031"}],"wp:attachment":[{"href":"https:\/\/manfiser.com\/es\/wp-json\/wp\/v2\/media?parent=171"}],"curies":[{"name":"wp","href":"https:\/\/api.w.org\/{rel}","templated":true}]}}